{"id":13,"date":"2023-01-09T14:19:17","date_gmt":"2023-01-09T14:19:17","guid":{"rendered":"https:\/\/formation-et-coach-business.com\/?page_id=13"},"modified":"2023-01-23T09:12:35","modified_gmt":"2023-01-23T09:12:35","slug":"coaching","status":"publish","type":"page","link":"https:\/\/formation-et-coach-business.com\/index.php\/coaching\/","title":{"rendered":"<strong>COACHING<\/strong>"},"content":{"rendered":"\n<figure class=\"wp-block-embed is-type-video is-provider-youtube wp-block-embed-youtube wp-embed-aspect-16-9 wp-has-aspect-ratio\"><div class=\"wp-block-embed__wrapper\">\n<iframe loading=\"lazy\" title=\"Le Coaching Professionnel\" width=\"720\" height=\"405\" src=\"https:\/\/www.youtube.com\/embed\/e5P45C7PbiE?feature=oembed\" frameborder=\"0\" allow=\"accelerometer; autoplay; clipboard-write; encrypted-media; gyroscope; picture-in-picture; web-share\" allowfullscreen><\/iframe>\n<\/div><\/figure>\n\n\n\n<p><strong>Le coaching<\/strong> est&nbsp; l\u2019art d\u2019accoucher les esprits.&nbsp; C&rsquo;est un accompagnement professionnel sur mesure, pour des managers ou dirigeants d\u2019entreprise en vue de d\u00e9velopper leur identit\u00e9 et leur efficacit\u00e9 manag\u00e9riale, surmonter une difficult\u00e9 relationnelle, et augmenter la confiance en eux, leur capacit\u00e9 \u00e0 s\u2019affirmer, pour rendre leurs \u00e9quipes plus op\u00e9rationnelles et efficaces.<br>A travers le processus de coaching, la personne coach\u00e9e approfondit ses connaissances et am\u00e9liore ses performances. Il s\u2019agit d\u2019un accompagnement op\u00e9rationnel au changement.<\/p>\n\n\n\n<p><\/p>\n\n\n\n<div class=\"wp-block-media-text alignwide is-stacked-on-mobile\" style=\"grid-template-columns:22% auto\"><figure class=\"wp-block-media-text__media\"><img decoding=\"async\" loading=\"lazy\" width=\"1024\" height=\"683\" src=\"https:\/\/formation-et-coach-business.com\/wp-content\/uploads\/2023\/01\/IDEES-MOT-CLES-2-1024x683.png\" alt=\"\" class=\"wp-image-63 size-full\"\/><\/figure><div class=\"wp-block-media-text__content\">\n<p>Vous avez besoin de d\u00e9velopper plus justement votre esprit entrepreneurial ?<\/p>\n\n\n\n<p>Agissons ensemble sur votre raison d\u2019\u00eatre et votre ambition pour une vision claire sur l&rsquo;avenir.<\/p>\n\n\n\n<p>Vous gagnerez en assurance, efficacit\u00e9 professionnelle  et performance.<\/p>\n<\/div><\/div>\n\n\n\n<hr class=\"wp-block-separator has-alpha-channel-opacity\"\/>\n\n\n\n<h2>Un coaching personnalis\u00e9<\/h2>\n\n\n\n<p>Je propose un accompagnement sur la prise de poste, la mont\u00e9 en comp\u00e9tences sur la posture manag\u00e9rial et entrepreneuriale.  <\/p>\n\n\n\n<h3>Coaching du futur repreneur en prise de poste \/ \u00e9volution<\/h3>\n\n\n\n<p>Accompagner l\u2019h\u00e9ritier ou le repreneur \u00e0 trouver SA PLACE et l\u2019assumer en participant \u00e0 la d\u00e9cision.<br>Processus de construction identitaire : Affirmation de soi &#8211; Valeurs &#8211; Besoins &#8211; Plaisir &#8211; Estime de soi &#8211; Limites et la Confiance en soi &#8211; Emotions<\/p>\n\n\n\n<h3>Coaching de Dirigeant<\/h3>\n\n\n\n<p>Les probl\u00e9matiques d\u2019identit\u00e9, de valeurs, d\u2019enjeux, de la fonction, de communication, de vision strat\u00e9gique, d\u2019exposition publique et de questionnement int\u00e9rieur, de pouvoir et de solitude, de sentiment de puissance et de fragilit\u00e9 personnelle, de stress de la responsabilit\u00e9, de choix et de d\u00e9cision, d\u2019arbitrage, de d\u00e9ni.<br><\/p>\n\n\n\n<h3>Coaching de Manager <\/h3>\n\n\n\n<p>Le p\u00e9rim\u00e8tre de responsabilit\u00e9 et la dimension organisationnelle ainsi que les questions relatives \u00e0 l\u2019autorit\u00e9, \u00e0 l\u2019influence, au pouvoir, \u00e0 la qualit\u00e9 de vie au travail, et au sens de l\u2019action sont fondamentales. On questionne la fonction , organiser, d\u00e9cider, animer, contr\u00f4ler, anticiper et les facteurs motivationnels.<\/p>\n\n\n\n<h2 id=\"block-d7362b19-194c-471b-9c24-90acb9c406a8\">L\u2019\u00e9pine dans le pied<\/h2>\n\n\n\n<ul>\n<li>Vous portez le m\u00eame nom que le dirigeant et avez du mal \u00e0 faire un cloisonnement entre votre vie professionnelle et votre vie priv\u00e9e.<\/li>\n\n\n\n<li>Vous manquez de confiance en vous.<\/li>\n\n\n\n<li>Vous sentez de la difficult\u00e9 \u00e0 donner de la permission \u00e0 votre pouvoir, car vous ne vous n\u2019\u00eates pas l\u00e9gitime.<\/li>\n\n\n\n<li>Les managers et ou les g\u00e9rants utilisent des m\u00e9thodes de management paternalistes ou infantilisantes, compliquant finalement votre int\u00e9gration.<\/li>\n\n\n\n<li>Le jugement se fait rapidement.\n\n\n\n\n<ul>\n<li><\/li>\n<\/ul>\n\n\n\n<ul>\n<li><\/li>\n<\/ul>\n\n\n\n<ul>\n<li><\/li>\n<\/ul>\n<\/li>\n<\/ul>\n\n\n\n<hr class=\"wp-block-separator has-alpha-channel-opacity\"\/>\n\n\n\n<h3>Le b\u00e9n\u00e9fice obtenu <\/h3>\n\n\n\n<ul>\n<li>Vous avez r\u00e9ussi \u00e0 trouver ou prendre votre place.<\/li>\n\n\n\n<li>Vous communiquer et d\u00e9cider en conscience entre les membres de l\u2019entreprise et la famille.<\/li>\n\n\n\n<li>On vous fera confiance. <\/li>\n<\/ul>\n\n\n\n<p> <\/p>\n\n\n\n<p>Je questionne le b\u00e9n\u00e9ficiaire afin qu\u2019il remette de l\u2019ordre dans ses pens\u00e9es, ses croyances, ses priorit\u00e9s.<\/p>\n\n\n\n<p>Il a une communication et des objectifs claires au sein d&rsquo;une \u00e9quipe impliqu\u00e9e et engag\u00e9e. <\/p>\n\n\n\n<p>Travailler avec plus d\u2019intelligence collective pour impliquer et engager dynamiser d\u2019avantage leurs collaborateur<\/p>\n\n\n\n<p>Avoir une posture de leader apprenant<\/p>\n\n\n\n<p>Anticiper sur les \u00e9volutions \u00e0 venir<\/p>\n\n\n\n<p>Fort de 15 ans d&rsquo;exp\u00e9rience professionnelle au sein d&rsquo;une entreprise familiale, j\u2019ai conscience que pour avancer, il est n\u00e9cessaire de pouvoir confier ses doutes sans retenue, exprimer ses faiblesses \u00e0 fort enjeux \u00e9motionnel, sans&nbsp; se sentir jug\u00e9e.<\/p>\n\n\n\n<p>Une pleine confiance en soi gr\u00e2ce \u00e0 une construction identitaire , un nettoyage de toutes croyances limitantes amenant \u00e0 une pleine r\u00e9alisation de soi.<\/p>\n\n\n\n<p>Les b\u00e9n\u00e9ficiaires repartent avec des cl\u00e9s pour prendre de bonnes d\u00e9cisions (seul ou en collectif), une meilleure communication, un projet professionnel sur mesure, une personnalit\u00e9 dynamique, apprenante, et innovante.<\/p>\n\n\n\n<p>Sentez-vous le besoin de&nbsp; frapper \u00e0 la bonne porte pour une transition active&nbsp;?<\/p>\n\n\n\n<div class=\"wp-block-file\"><object class=\"wp-block-file__embed\" data=\"https:\/\/formation-et-coach-business.com\/wp-content\/uploads\/2023\/01\/OFFRE-DE-SERVICES-Agathe-Kohn-.pdf\" type=\"application\/pdf\" style=\"width:100%;height:600px\" aria-label=\"Contenu embarqu\u00e9 OFFRE-DE-SERVICES-Agathe-Kohn-.\"><\/object><a id=\"wp-block-file--media-e5164a0a-9a80-424f-b596-51d280072142\" href=\"https:\/\/formation-et-coach-business.com\/wp-content\/uploads\/2023\/01\/OFFRE-DE-SERVICES-Agathe-Kohn-.pdf\">OFFRE-DE-SERVICES-Agathe-Kohn-<\/a><a href=\"https:\/\/formation-et-coach-business.com\/wp-content\/uploads\/2023\/01\/OFFRE-DE-SERVICES-Agathe-Kohn-.pdf\" class=\"wp-block-file__button wp-element-button\" download aria-describedby=\"wp-block-file--media-e5164a0a-9a80-424f-b596-51d280072142\">T\u00e9l\u00e9charger<\/a><\/div>\n\n\n\n<p> <\/p>\n\n\n\n<p><\/p>\n","protected":false},"excerpt":{"rendered":"<p>Le coaching est&nbsp; l\u2019art d\u2019accoucher les esprits.&nbsp; C&rsquo;est un accompagnement professionnel sur mesure, pour des managers ou dirigeants d\u2019entreprise en vue de d\u00e9velopper leur identit\u00e9 et leur efficacit\u00e9 manag\u00e9riale, surmonter une difficult\u00e9 relationnelle, et augmenter la confiance en eux, leur capacit\u00e9 \u00e0 s\u2019affirmer, pour rendre leurs \u00e9quipes plus op\u00e9rationnelles et efficaces.A travers le processus de&#8230;<\/p>\n","protected":false},"author":1,"featured_media":0,"parent":0,"menu_order":0,"comment_status":"closed","ping_status":"closed","template":"","meta":{"_kad_post_transparent":"","_kad_post_title":"","_kad_post_layout":"","_kad_post_sidebar_id":"","_kad_post_content_style":"","_kad_post_vertical_padding":"","_kad_post_feature":"","_kad_post_feature_position":"","_kad_post_header":false,"_kad_post_footer":false},"_links":{"self":[{"href":"https:\/\/formation-et-coach-business.com\/index.php\/wp-json\/wp\/v2\/pages\/13"}],"collection":[{"href":"https:\/\/formation-et-coach-business.com\/index.php\/wp-json\/wp\/v2\/pages"}],"about":[{"href":"https:\/\/formation-et-coach-business.com\/index.php\/wp-json\/wp\/v2\/types\/page"}],"author":[{"embeddable":true,"href":"https:\/\/formation-et-coach-business.com\/index.php\/wp-json\/wp\/v2\/users\/1"}],"replies":[{"embeddable":true,"href":"https:\/\/formation-et-coach-business.com\/index.php\/wp-json\/wp\/v2\/comments?post=13"}],"version-history":[{"count":9,"href":"https:\/\/formation-et-coach-business.com\/index.php\/wp-json\/wp\/v2\/pages\/13\/revisions"}],"predecessor-version":[{"id":92,"href":"https:\/\/formation-et-coach-business.com\/index.php\/wp-json\/wp\/v2\/pages\/13\/revisions\/92"}],"wp:attachment":[{"href":"https:\/\/formation-et-coach-business.com\/index.php\/wp-json\/wp\/v2\/media?parent=13"}],"curies":[{"name":"wp","href":"https:\/\/api.w.org\/{rel}","templated":true}]}}