{"id":17,"date":"2023-01-09T14:19:41","date_gmt":"2023-01-09T14:19:41","guid":{"rendered":"https:\/\/formation-et-coach-business.com\/?page_id=17"},"modified":"2023-02-06T15:37:00","modified_gmt":"2023-02-06T15:37:00","slug":"contact","status":"publish","type":"page","link":"https:\/\/formation-et-coach-business.com\/index.php\/contact\/","title":{"rendered":"<strong>CONTACT<\/strong>"},"content":{"rendered":"\n<h1 class=\"kt-adv-heading_8bddfe-c6 wp-block-kadence-advancedheading\" data-kb-block=\"kb-adv-heading_8bddfe-c6\">PRENONS CONTACT<\/h1>\n\n\n<style id=\"kb-rowlayout_04ca09-4f\">#kt-layout-id_04ca09-4f{background-image:url('https:\/\/formation-et-coach-business.com\/wp-content\/uploads\/2023\/01\/escalier-1.png');background-size:cover;background-position:center center;background-attachment:scroll;background-repeat:no-repeat;}#kt-layout-id_04ca09-4f > .kt-row-column-wrap{padding-top:223px;}<\/style>\n<div class=\"wp-block-kadence-rowlayout alignnone\"><div id=\"kt-layout-id_04ca09-4f\" class=\"kt-row-layout-inner kt-row-has-bg kt-layout-id_04ca09-4f\"><div class=\"kt-row-column-wrap kt-has-1-columns kt-gutter-default kt-v-gutter-default kt-row-valign-top kt-row-layout-equal kt-tab-layout-inherit kt-m-colapse-left-to-right kt-mobile-layout-row\">\n<div class=\"wp-block-kadence-column inner-column-1 kadence-column_df427f-cd\"><div class=\"kt-inside-inner-col\"><\/div><\/div>\n<\/div><\/div><\/div>\n\n\n\n<div class=\"wp-block-kadence-rowlayout alignnone\"><div id=\"kt-layout-id_f276a1-9f\" class=\"kt-row-layout-inner kt-layout-id_f276a1-9f\"><div class=\"kt-row-column-wrap kt-has-1-columns kt-gutter-default kt-v-gutter-default kt-row-valign-top kt-row-layout-equal kt-tab-layout-inherit kt-m-colapse-left-to-right kt-mobile-layout-row\">\n<div class=\"wp-block-kadence-column inner-column-1 kadence-column_f7c9e5-b1\"><div class=\"kt-inside-inner-col\">\n<p class=\"kt-adv-heading_2a3445-0b wp-block-kadence-advancedheading\" data-kb-block=\"kb-adv-heading_2a3445-0b\">id\u00e9e ACCROCHES POUR DONNER UN COMMENTAIRE<\/p>\n<\/div><\/div>\n<\/div><\/div><\/div>\n\n\n\n<div class=\"wp-block-kadence-rowlayout alignnone\"><div id=\"kt-layout-id_51988a-01\" class=\"kt-row-layout-inner kt-layout-id_51988a-01\"><div class=\"kt-row-column-wrap kt-has-1-columns kt-gutter-default kt-v-gutter-default kt-row-valign-top kt-row-layout-equal kt-tab-layout-inherit kt-m-colapse-left-to-right kt-mobile-layout-row\">\n<div class=\"wp-block-kadence-column inner-column-1 kadence-column_f273f5-5e\"><div class=\"kt-inside-inner-col\">\n<h2 class=\"kt-adv-heading_42d590-a9 wp-block-kadence-advancedheading\" data-kb-block=\"kb-adv-heading_42d590-a9\">Coordonn\u00e9es<\/h2>\n\n\n\n<p class=\"kt-adv-heading_05240e-ab wp-block-kadence-advancedheading\" data-kb-block=\"kb-adv-heading_05240e-ab\">Soci\u00e9t\u00e9 Formation et Coach Business 135 Boulevard Bineau 92200 Neuilly sur Seine <\/p>\n\n\n\n<div class=\"wp-block-kadence-icon kt-svg-icons kt-svg-icons_7d33c6-3d alignnone\" style=\"text-align:left\"><div class=\"kt-svg-style-default kt-svg-icon-wrap kt-svg-item-0\"><div style=\"display:inline-flex;justify-content:center;align-items:center;color:#444444\" class=\"kt-svg-icon kt-svg-icon-fe_phoneCall\"><svg style=\"display:inline-block;vertical-align:middle\" viewBox=\"0 0 24 24\" height=\"20\" width=\"20\" fill=\"none\" stroke=\"currentColor\" xmlns=\"http:\/\/www.w3.org\/2000\/svg\" stroke-width=\"2\" stroke-linecap=\"round\" stroke-linejoin=\"round\" aria-hidden=\"true\"><path d=\"M15.05 5A5 5 0 0 1 19 8.95M15.05 1A9 9 0 0 1 23 8.94m-1 7.98v3a2 2 0 0 1-2.18 2 19.79 19.79 0 0 1-8.63-3.07 19.5 19.5 0 0 1-6-6 19.79 19.79 0 0 1-3.07-8.67A2 2 0 0 1 4.11 2h3a2 2 0 0 1 2 1.72 12.84 12.84 0 0 0 .7 2.81 2 2 0 0 1-.45 2.11L8.09 9.91a16 16 0 0 0 6 6l1.27-1.27a2 2 0 0 1 2.11-.45 12.84 12.84 0 0 0 2.81.7A2 2 0 0 1 22 16.92z\"><\/path><\/svg><\/div><\/div><\/div>\n\n\n\n<p class=\"kt-adv-heading_2d4542-e6 wp-block-kadence-advancedheading\" data-kb-block=\"kb-adv-heading_2d4542-e6\">06.83.82.30.42<\/p>\n\n\n\n<div class=\"wp-block-kadence-icon kt-svg-icons kt-svg-icons_225ee6-a0 alignnone\" style=\"text-align:left\"><div class=\"kt-svg-style-default kt-svg-icon-wrap kt-svg-item-0\"><div style=\"display:inline-flex;justify-content:center;align-items:center;color:#444444\" class=\"kt-svg-icon kt-svg-icon-fe_mail\"><svg style=\"display:inline-block;vertical-align:middle\" viewBox=\"0 0 24 24\" height=\"20\" width=\"20\" fill=\"none\" stroke=\"currentColor\" xmlns=\"http:\/\/www.w3.org\/2000\/svg\" stroke-width=\"2\" stroke-linecap=\"round\" stroke-linejoin=\"round\" aria-hidden=\"true\"><path d=\"M4 4h16c1.1 0 2 .9 2 2v12c0 1.1-.9 2-2 2H4c-1.1 0-2-.9-2-2V6c0-1.1.9-2 2-2z\"><\/path><polyline points=\"22,6 12,13 2,6\"><\/polyline><\/svg><\/div><\/div><\/div>\n\n\n<style id=\"kb-advancedheading_c8dde1-b3\">.wp-block-kadence-advancedheading.kt-adv-heading_c8dde1-b3[data-kb-block=\"kb-adv-heading_c8dde1-b3\"]{display:block;}<\/style>\n<span class=\"kt-adv-heading_c8dde1-b3 wp-block-kadence-advancedheading\" data-kb-block=\"kb-adv-heading_c8dde1-b3\">kohnagathe@gmail.com<\/span>\n\n\n<style id=\"kb-form_00d470-9c\">.kadence-form-_00d470-9c .kb-form .kadence-blocks-form-field .kb-text-style-field, .kadence-form-_00d470-9c .kb-form .kadence-blocks-form-field .kb-select-style-field {font-size:16px;line-height:29px;}.kadence-form-_00d470-9c .kb-form .kadence-blocks-form-field > label {font-size:16px;}<\/style>\n<div class=\"wp-block-kadence-form kadence-form-_00d470-9c kb-form-wrap\"><form class=\"kb-form\" action=\"\" method=\"post\"><div class=\"kadence-blocks-form-field kb-field-desk-width-100 kb-input-size-small\"><label for=\"kb_field__00d470-9c_0\">Nom<\/label><input name=\"kb_field_0\" id=\"kb_field__00d470-9c_0\" data-label=\"Nom\" type=\"text\" placeholder=\"\" value=\"\" data-type=\"text\" class=\"kb-field kb-text-style-field kb-text-field kb-field-0\"\/><\/div><div class=\"kadence-blocks-form-field kb-form-field-1 kb-field-desk-width-100 kb-input-size-small\"><label for=\"kb_field__00d470-9c_1\">Pr\u00e9nom<\/label><input name=\"kb_field_1\" id=\"kb_field__00d470-9c_1\" data-label=\"Pr\u00e9nom\" type=\"text\" placeholder=\"\" value=\"\" data-type=\"text\" class=\"kb-field kb-text-style-field kb-text-field kb-field-1\"\/><\/div><div class=\"kadence-blocks-form-field kb-form-field-2 kb-field-desk-width-100 kb-input-size-small\"><label for=\"kb_field__00d470-9c_2\">T\u00e9l\u00e9phone<\/label><input name=\"kb_field_2\" id=\"kb_field__00d470-9c_2\" data-label=\"T\u00e9l\u00e9phone\" type=\"text\" placeholder=\"\" value=\"\" data-type=\"text\" class=\"kb-field kb-text-style-field kb-text-field kb-field-2\"\/><\/div><div class=\"kadence-blocks-form-field kb-form-field-3 kb-field-desk-width-100 kb-input-size-small\"><label for=\"kb_field__00d470-9c_3\">Email<span class=\"required\">*<\/span><\/label><input name=\"kb_field_3\" id=\"kb_field__00d470-9c_3\" data-label=\"Email\" type=\"email\" placeholder=\"\" value=\"\" data-type=\"email\" class=\"kb-field kb-text-style-field kb-email-field kb-field-3\" data-required=\"yes\"\/><\/div><div class=\"kadence-blocks-form-field kb-form-field-4 kb-field-desk-width-100 kb-input-size-small\"><label for=\"kb_field__00d470-9c_4\">Message<span class=\"required\">*<\/span><\/label><textarea name=\"kb_field_4\" id=\"kb_field__00d470-9c_4\" data-label=\"Message\" type=\"textarea\" placeholder=\"\" data-type=\"textarea\" class=\"kb-field kb-text-style-field kb-textarea-field kb-field-4\" rows=\"4\" data-required=\"yes\"><\/textarea><\/div><input type=\"hidden\" name=\"_kb_form_id\" value=\"_00d470-9c\"\/><input type=\"hidden\" name=\"_kb_form_post_id\" value=\"17\"\/><input type=\"hidden\" name=\"action\" value=\"kb_process_ajax_submit\"\/><input class=\"kadence-blocks-field verify\" type=\"text\" name=\"_kb_verify_email\" autocomplete=\"off\" aria-hidden=\"true\" placeholder=\"Email\" tabindex=\"-1\"\/><div class=\"kadence-blocks-form-field kb-submit-field kb-field-desk-width-100\"><button class=\"kb-forms-submit button kb-button-size-standard kb-button-width-auto\">Submit<\/button><\/div><\/form><\/div>\n<\/div><\/div>\n<\/div><\/div><\/div>\n","protected":false},"excerpt":{"rendered":"<p>PRENONS CONTACT id\u00e9e ACCROCHES POUR DONNER UN COMMENTAIRE Coordonn\u00e9es Soci\u00e9t\u00e9 Formation et Coach Business 135 Boulevard Bineau 92200 Neuilly sur Seine 06.83.82.30.42 kohnagathe@gmail.com<\/p>\n","protected":false},"author":1,"featured_media":0,"parent":0,"menu_order":0,"comment_status":"closed","ping_status":"closed","template":"","meta":{"_kad_post_transparent":"default","_kad_post_title":"hide","_kad_post_layout":"","_kad_post_sidebar_id":"","_kad_post_content_style":"","_kad_post_vertical_padding":"","_kad_post_feature":"","_kad_post_feature_position":"","_kad_post_header":false,"_kad_post_footer":false},"_links":{"self":[{"href":"https:\/\/formation-et-coach-business.com\/index.php\/wp-json\/wp\/v2\/pages\/17"}],"collection":[{"href":"https:\/\/formation-et-coach-business.com\/index.php\/wp-json\/wp\/v2\/pages"}],"about":[{"href":"https:\/\/formation-et-coach-business.com\/index.php\/wp-json\/wp\/v2\/types\/page"}],"author":[{"embeddable":true,"href":"https:\/\/formation-et-coach-business.com\/index.php\/wp-json\/wp\/v2\/users\/1"}],"replies":[{"embeddable":true,"href":"https:\/\/formation-et-coach-business.com\/index.php\/wp-json\/wp\/v2\/comments?post=17"}],"version-history":[{"count":5,"href":"https:\/\/formation-et-coach-business.com\/index.php\/wp-json\/wp\/v2\/pages\/17\/revisions"}],"predecessor-version":[{"id":134,"href":"https:\/\/formation-et-coach-business.com\/index.php\/wp-json\/wp\/v2\/pages\/17\/revisions\/134"}],"wp:attachment":[{"href":"https:\/\/formation-et-coach-business.com\/index.php\/wp-json\/wp\/v2\/media?parent=17"}],"curies":[{"name":"wp","href":"https:\/\/api.w.org\/{rel}","templated":true}]}}