{"id":7,"date":"2023-01-09T14:18:05","date_gmt":"2023-01-09T14:18:05","guid":{"rendered":"https:\/\/formation-et-coach-business.com\/?page_id=7"},"modified":"2023-01-10T15:59:13","modified_gmt":"2023-01-10T15:59:13","slug":"formation-et-coach-business","status":"publish","type":"page","link":"https:\/\/formation-et-coach-business.com\/","title":{"rendered":"FORMATIONS ET COACH BUSINESS"},"content":{"rendered":"\n<p>Je mets mon exp\u00e9rience d\u2019enfant travaillant au service d\u2019une entreprise familiale \u00e0 dimension mondiale au service de mes clients<br>Apr\u00e8s mes 15 ann\u00e9es \u00e0 la direction commerciale de diff\u00e9rentes soci\u00e9t\u00e9s cr\u00e9\u00e9s par mon p\u00e8re et dirig\u00e9es par mon fr\u00e8re, j\u2019ai choisi d\u2019accompagner les entreprises familiales.<br>Mon objectif est de faire se rencontrer, les visions des diff\u00e9rentes g\u00e9n\u00e9rations, avec un alignement dans la communication et les besoins de chacun.<\/p>\n","protected":false},"excerpt":{"rendered":"<p>Je mets mon exp\u00e9rience d\u2019enfant travaillant au service d\u2019une entreprise familiale \u00e0 dimension mondiale au service de mes clientsApr\u00e8s mes 15 ann\u00e9es \u00e0 la direction commerciale de diff\u00e9rentes soci\u00e9t\u00e9s cr\u00e9\u00e9s par mon p\u00e8re et dirig\u00e9es par mon fr\u00e8re, j\u2019ai choisi d\u2019accompagner les entreprises familiales.Mon objectif est de faire se rencontrer, les visions des diff\u00e9rentes g\u00e9n\u00e9rations,&#8230;<\/p>\n","protected":false},"author":1,"featured_media":0,"parent":0,"menu_order":0,"comment_status":"closed","ping_status":"closed","template":"","meta":{"_kad_post_transparent":"","_kad_post_title":"","_kad_post_layout":"","_kad_post_sidebar_id":"","_kad_post_content_style":"","_kad_post_vertical_padding":"","_kad_post_feature":"","_kad_post_feature_position":"","_kad_post_header":false,"_kad_post_footer":false},"_links":{"self":[{"href":"https:\/\/formation-et-coach-business.com\/index.php\/wp-json\/wp\/v2\/pages\/7"}],"collection":[{"href":"https:\/\/formation-et-coach-business.com\/index.php\/wp-json\/wp\/v2\/pages"}],"about":[{"href":"https:\/\/formation-et-coach-business.com\/index.php\/wp-json\/wp\/v2\/types\/page"}],"author":[{"embeddable":true,"href":"https:\/\/formation-et-coach-business.com\/index.php\/wp-json\/wp\/v2\/users\/1"}],"replies":[{"embeddable":true,"href":"https:\/\/formation-et-coach-business.com\/index.php\/wp-json\/wp\/v2\/comments?post=7"}],"version-history":[{"count":4,"href":"https:\/\/formation-et-coach-business.com\/index.php\/wp-json\/wp\/v2\/pages\/7\/revisions"}],"predecessor-version":[{"id":79,"href":"https:\/\/formation-et-coach-business.com\/index.php\/wp-json\/wp\/v2\/pages\/7\/revisions\/79"}],"wp:attachment":[{"href":"https:\/\/formation-et-coach-business.com\/index.php\/wp-json\/wp\/v2\/media?parent=7"}],"curies":[{"name":"wp","href":"https:\/\/api.w.org\/{rel}","templated":true}]}}