{"id":83,"date":"2023-01-23T08:01:11","date_gmt":"2023-01-23T08:01:11","guid":{"rendered":"https:\/\/formation-et-coach-business.com\/?page_id=83"},"modified":"2023-01-23T08:02:00","modified_gmt":"2023-01-23T08:02:00","slug":"temoignages","status":"publish","type":"page","link":"https:\/\/formation-et-coach-business.com\/index.php\/temoignages\/","title":{"rendered":"TEMOIGNAGES"},"content":{"rendered":"\n<h2>COACHING <\/h2>\n\n\n\n<p>COACHING<\/p>\n\n\n\n<p><strong>T\u00e9moignages<\/strong><\/p>\n\n\n\n<ul>\n<li>\u00ab&nbsp;Un grand merci \u00e0 Agathe qui m\u2019a accompagn\u00e9e \u00e9tape par \u00e9tape lors de ces 7 s\u00e9ances. A l\u2019issue d\u2019une pause et afin de passer une p\u00e9riode charni\u00e8re de ma vie professionnelle, une relation de confiance s\u2019est \u00e9tablie entre nous et a permis gr\u00e2ce \u00e0 son analyse pertinente de ma personnalit\u00e9, de r\u00e9v\u00e9ler des v\u00e9rit\u00e9s cach\u00e9es, des valeurs, des talents. J\u2019ai pu appr\u00e9cier sa bienveillance, son \u00e9coute et la d\u00e9livrance de ses conseils et outils tr\u00e8s appropri\u00e9s \u00e0 mon nouvel objectif professionnel. Son coaching tr\u00e8s op\u00e9rationnel a \u00e9t\u00e9 une exp\u00e9rience dynamique et tonique qui a grandement modifi\u00e9 ma posture. Agathe donne toute son \u00e9nergie et d\u00e9livre son positivisme, vous confortant sur votre valeur ajout\u00e9e, votre potentiel, votre savoir-faire. Agathe a su conduire les modifications n\u00e9cessaires et m\u2019accompagner \u00e0 trouver du sens et des solutions concr\u00e8tes \u00e0 mon \u00e9volution professionnelle&nbsp;\u00bb.<\/li>\n\n\n\n<li>D\u00e9sormais, je parviens \u00e0 identifier mes priorit\u00e9s pour gagner en efficacit\u00e9. J\u2019ai \u00e9galement \u00e9volu\u00e9 dans ma posture et m\u2019ouvrir pleinement sur le digital. En me confortant sur l\u2019apport de ma valeur ajout\u00e9e, d\u00e9sormais mon mode de vie et ma vision me poussent \u00e0 aller plus loin, en d\u00e9veloppant tout mon potentiel et mes savoir-faire en milieu Pro.<\/li>\n\n\n\n<li>Tout au long de mes 7 s\u00e9ances, des v\u00e9rit\u00e9s cach\u00e9es ont \u00e9t\u00e9 mises \u00e0 jour. Cela m\u2019a apport\u00e9 une connaissance de soi par un travail de r\u00e9flexion, mais \u00e9galement appris comment chercher et trouver mes propres solutions de mani\u00e8re autonome pour l&rsquo;avenir. Je suis aujourd&rsquo;hui revenu dans le match et je r\u00e9affirme mes comp\u00e9tences.\n<ul><\/ul>\n<\/li>\n<\/ul>\n\n\n\n<h2>BILAN DE COMPETENCE<\/h2>\n\n\n\n<ul>\n<li>L&rsquo;accompagnement&nbsp; m&rsquo;a permis de travailler sur ces croyances limitantes de telle mani\u00e8re qu&rsquo;elles deviennent des croyances positives. Mon objectif \u00e9tant de retrouver un emploi, je travaille sur mes comp\u00e9tences, mes valeurs pour r\u00e9tablir cette estime de moi.<\/li>\n\n\n\n<li>J&rsquo;ai atteint mes objectifs que je m&rsquo;\u00e9tais fix\u00e9s pendant cette p\u00e9riode de coaching pour retrouver un emploi en toute s\u00e9r\u00e9nit\u00e9, il me fallait d\u00e9finir mes valeurs, mes comp\u00e9tences. Pour parer \u00e0 des lacunes de bureautique, j&rsquo;ai entrepris une formation aujourd&rsquo;hui achev\u00e9e.<\/li>\n\n\n\n<li>Il est difficile de parler de soi mais cela devient vite facile gr\u00e2ce \u00e0 la mise en confiance et le non-jugement d&rsquo;Agathe .<\/li>\n<\/ul>\n\n\n\n<h2>FORMATION<\/h2>\n","protected":false},"excerpt":{"rendered":"<p>COACHING COACHING T\u00e9moignages BILAN DE COMPETENCE FORMATION<\/p>\n","protected":false},"author":1,"featured_media":0,"parent":0,"menu_order":0,"comment_status":"closed","ping_status":"closed","template":"","meta":{"_kad_post_transparent":"","_kad_post_title":"","_kad_post_layout":"","_kad_post_sidebar_id":"","_kad_post_content_style":"","_kad_post_vertical_padding":"","_kad_post_feature":"","_kad_post_feature_position":"","_kad_post_header":false,"_kad_post_footer":false},"_links":{"self":[{"href":"https:\/\/formation-et-coach-business.com\/index.php\/wp-json\/wp\/v2\/pages\/83"}],"collection":[{"href":"https:\/\/formation-et-coach-business.com\/index.php\/wp-json\/wp\/v2\/pages"}],"about":[{"href":"https:\/\/formation-et-coach-business.com\/index.php\/wp-json\/wp\/v2\/types\/page"}],"author":[{"embeddable":true,"href":"https:\/\/formation-et-coach-business.com\/index.php\/wp-json\/wp\/v2\/users\/1"}],"replies":[{"embeddable":true,"href":"https:\/\/formation-et-coach-business.com\/index.php\/wp-json\/wp\/v2\/comments?post=83"}],"version-history":[{"count":2,"href":"https:\/\/formation-et-coach-business.com\/index.php\/wp-json\/wp\/v2\/pages\/83\/revisions"}],"predecessor-version":[{"id":86,"href":"https:\/\/formation-et-coach-business.com\/index.php\/wp-json\/wp\/v2\/pages\/83\/revisions\/86"}],"wp:attachment":[{"href":"https:\/\/formation-et-coach-business.com\/index.php\/wp-json\/wp\/v2\/media?parent=83"}],"curies":[{"name":"wp","href":"https:\/\/api.w.org\/{rel}","templated":true}]}}