{"id":9,"date":"2023-01-09T14:18:46","date_gmt":"2023-01-09T14:18:46","guid":{"rendered":"https:\/\/formation-et-coach-business.com\/?page_id=9"},"modified":"2023-02-06T14:16:08","modified_gmt":"2023-02-06T14:16:08","slug":"a-propos","status":"publish","type":"page","link":"https:\/\/formation-et-coach-business.com\/index.php\/a-propos\/","title":{"rendered":"<strong>A PROPOS<\/strong>"},"content":{"rendered":"\n<div class=\"wp-block-kadence-rowlayout alignnone\"><div id=\"kt-layout-id_8e5410-ac\" class=\"kt-row-layout-inner kt-layout-id_8e5410-ac\"><div class=\"kt-row-column-wrap kt-has-1-columns kt-gutter-default kt-v-gutter-default kt-row-valign-top kt-row-layout-equal kt-tab-layout-inherit kt-m-colapse-left-to-right kt-mobile-layout-row\">\n<div class=\"wp-block-kadence-column inner-column-1 kadence-column_944a63-dd\"><div class=\"kt-inside-inner-col\"><style id=\"kb-advancedheading_577030-83\">#kt-adv-heading_577030-83, #kt-adv-heading_577030-83 .wp-block-kadence-advancedheading, .wp-block-kadence-advancedheading.kt-adv-heading_577030-83[data-kb-block=\"kb-adv-heading_577030-83\"], .kadence-advanced-heading-wrapper .kt-adv-heading_577030-83[data-kb-block=\"kb-adv-heading_577030-83\"]{text-align:center;color:#166098;}<\/style>\n<h1 class=\"kt-adv-heading_577030-83 wp-block-kadence-advancedheading\" data-kb-block=\"kb-adv-heading_577030-83\">QUI SOMMES-NOUS ?<\/h1>\n<\/div><\/div>\n<\/div><\/div><\/div>\n\n\n<style id=\"kb-rowlayout_aed661-83\">.kt-layout-id_aed661-83 > .kt-row-column-wrap{z-index:6;}#kt-layout-id_aed661-83 .kt-row-layout-bottom-sep{height:0px;}#kt-layout-id_aed661-83 > .kt-row-column-wrap{padding-top:285px;max-width:607px;margin-left:auto;margin-right:auto;}<\/style>\n<div class=\"wp-block-kadence-rowlayout alignnone\"><div id=\"kt-layout-id_aed661-83\" class=\"kt-row-layout-inner kt-layout-id_aed661-83\"><div class=\"kt-blocks-carousel kb-blocks-bg-slider kt-carousel-container-dotstyle-outlinelight\"><div class=\"kt-blocks-carousel-init kb-blocks-bg-slider-init kt-carousel-arrowstyle-none kt-carousel-dotstyle-outlinelight\" data-slider-anim-speed=\"400\" data-slider-type=\"slider\" data-slider-scroll=\"1\" data-slider-arrows=\"false\" data-slider-fade=\"true\" data-slider-dots=\"true\" data-slider-hover-pause=\"false\" data-slider-auto=\"true\" data-slider-speed=\"2400\"><div class=\"kb-bg-slide-contain\"><div class=\"kb-bg-slide kb-bg-slide-0\" style=\"background-image:url(https:\/\/formation-et-coach-business.com\/wp-content\/uploads\/2023\/01\/5359.jpg);background-size:auto;background-position:center center;background-repeat:no-repeat\"><\/div><\/div><div class=\"kb-bg-slide-contain\"><div class=\"kb-bg-slide kb-bg-slide-1\" style=\"background-image:url(https:\/\/formation-et-coach-business.com\/wp-content\/uploads\/2023\/01\/IDEES-MOT-CLES-1.png);background-size:auto;background-position:center center;background-repeat:no-repeat\"><\/div><\/div><div class=\"kb-bg-slide-contain\"><div class=\"kb-bg-slide kb-bg-slide-2\" style=\"background-image:url(https:\/\/formation-et-coach-business.com\/wp-content\/uploads\/2023\/01\/escalier.png);background-size:auto;background-position:center center;background-repeat:no-repeat\"><\/div><\/div><div class=\"kb-bg-slide-contain\"><div class=\"kb-bg-slide kb-bg-slide-3\" style=\"background-image:url(https:\/\/formation-et-coach-business.com\/wp-content\/uploads\/2023\/01\/coeur_cerveau_mains-1.jpg);background-size:auto;background-position:center center;background-repeat:no-repeat\"><\/div><\/div><\/div><\/div><div class=\"kt-row-column-wrap kt-has-1-columns kt-gutter-default kt-v-gutter-default kt-row-valign-top kt-row-layout-equal kt-tab-layout-inherit kt-m-colapse-left-to-right kt-mobile-layout-row\">\n<div class=\"wp-block-kadence-column inner-column-1 kadence-column_52e558-a9\"><div class=\"kt-inside-inner-col\"><\/div><\/div>\n<\/div><div class=\"kt-row-layout-bottom-sep kt-row-sep-type-ctd\"><svg style=\"fill:#ffffff\" viewBox=\"0 0 1000 100\" preserveAspectRatio=\"none\"><path d=\"M1000,0l-500,98l-500,-98l0,100l1000,0l0,-100Z\" style=\"opacity:0.4\"><\/path><path d=\"M1000,20l-500,78l-500,-78l0,80l1000,0l0,-80Z\"><\/path><\/svg><\/div><\/div><\/div>\n\n\n\n<h2><em>\u00ab Maintenir une entreprise familiale en vie, c&rsquo;est vraisemblablement la mission de management la plus complexe au monde. \u00bb <\/em>(John Ward)<\/h2>\n\n\n\n<p style=\"font-style:normal;font-weight:500\">70% des entreprises familiales ne survivent pas au-del\u00e0 de la 1<sup>\u00e8re<\/sup>&nbsp;g\u00e9n\u00e9ration, 87% au-del\u00e0 de la 2<sup>\u00e8me<\/sup>&nbsp;g\u00e9n\u00e9ration et 97% au-del\u00e0 de la 3<sup>\u00e8me<\/sup>&nbsp;g\u00e9n\u00e9ration. 70% des r\u00e9organisations \u00e9chouent \u00e0 cause de la r\u00e9sistance au changement des collaborateurs.<\/p>\n\n\n\n<p><em>Je mets mon exp\u00e9rience d\u2019enfant ayant  travaill\u00e9 au service d\u2019une entreprise familiale \u00e0 dimension mondiale au service de mes clients<\/em><\/p>\n\n\n<style id=\"kb-advancedbtn_cd2008-58\">.kt-btns_cd2008-58 .kt-btn-wrap-0{margin-right:5px;}.rtl .kt-btns_cd2008-58 .kt-btn-wrap-0{margin-left:5px;margin-right:0px;}.wp-block-kadence-advancedbtn.kt-btns_cd2008-58 .kt-btn-wrap-0 .kt-button{color:#555555;font-size:10px;border-color:#555555;}.wp-block-kadence-advancedbtn.kt-btns_cd2008-58 .kt-btn-wrap-0 .kt-button:hover, .wp-block-kadence-advancedbtn.kt-btns_cd2008-58 .kt-btn-wrap-0 .kt-button:focus{color:#ffffff;border-color:#444444;}.wp-block-kadence-advancedbtn.kt-btns_cd2008-58 .kt-btn-wrap-0 .kt-button::before{display:none;}.wp-block-kadence-advancedbtn.kt-btns_cd2008-58 .kt-btn-wrap-0 .kt-button:hover, .wp-block-kadence-advancedbtn.kt-btns_cd2008-58 .kt-btn-wrap-0 .kt-button:focus{background:#444444;}<\/style>\n<div class=\"wp-block-kadence-advancedbtn kt-btn-align-right kt-btn-tablet-align-inherit kt-btn-mobile-align-inherit kt-btns-wrap kt-btns_cd2008-58\"><div class=\"kt-btn-wrap kt-btn-wrap-0\"><a class=\"kt-button button kt-btn-0-action kt-btn-size-standard kt-btn-style-basic kt-btn-svg-show-always kt-btn-has-text-true kt-btn-has-svg-false\" href=\"https:\/\/formation-et-coach-business.com\/index.php\/entreprise-familiale\/\"><span class=\"kt-btn-inner-text\">Formations <br>Entreprise familiale<\/span><\/a><\/div><\/div>\n\n\n\n<p><\/p>\n\n\n\n<p><\/p>\n\n\n\n<p>Apr\u00e8s mes 15 ann\u00e9es \u00e0 la direction commerciale de diff\u00e9rentes soci\u00e9t\u00e9s cr\u00e9\u00e9s par mon p\u00e8re et dirig\u00e9es par mon fr\u00e8re,&nbsp; j\u2019ai choisi d\u2019accompagner les entreprises.<\/p>\n\n\n\n<p style=\"font-style:normal;font-weight:400\">Mon objectif est de faire se rencontrer, les visions des diff\u00e9rentes&nbsp; g\u00e9n\u00e9rations, avec un alignement dans la communication et les besoins de chacun.&nbsp;&nbsp;<\/p>\n\n\n\n<p><strong>Parcours de Agathe KOHN<\/strong> <\/p>\n\n\n\n<p> <\/p>\n\n\n\n<div class=\"wp-block-kadence-rowlayout alignnone\"><div id=\"kt-layout-id_462829-c4\" class=\"kt-row-layout-inner kt-layout-id_462829-c4\"><div class=\"kt-row-column-wrap kt-has-2-columns kt-gutter-default kt-v-gutter-default kt-row-valign-top kt-row-layout-right-golden kt-tab-layout-inherit kt-m-colapse-left-to-right kt-mobile-layout-row\">\n<div class=\"wp-block-kadence-column inner-column-1 kadence-column_120650-a4\"><div class=\"kt-inside-inner-col\"><style id=\"kb-advancedheading_e4873e-d7\">#kt-adv-heading_e4873e-d7, #kt-adv-heading_e4873e-d7 .wp-block-kadence-advancedheading, .wp-block-kadence-advancedheading.kt-adv-heading_e4873e-d7[data-kb-block=\"kb-adv-heading_e4873e-d7\"], .kadence-advanced-heading-wrapper .kt-adv-heading_e4873e-d7[data-kb-block=\"kb-adv-heading_e4873e-d7\"]{font-size:14px;font-family:Arial, Helvetica, sans-serif;}<\/style>\n<h2 class=\"kt-adv-heading_e4873e-d7 wp-block-kadence-advancedheading\" data-kb-block=\"kb-adv-heading_e4873e-d7\">A 14 ans, comme tous les lyc\u00e9ens, je devais participer au challenge scolaire des \u00ab&nbsp;cartes avantages jeunes&nbsp;\u00bb. Je suis all\u00e9e frapper \u00e0 toutes les portes des maisons et immeubles du quartier. Et pour finir, j\u2019\u00e9tais en rupture de stock car j\u2019avais eu, plus de demandes que je n\u2019avais re\u00e7u de cartes \u00e0 vendre&nbsp;!<\/h2>\n<\/div><\/div>\n\n\n\n<div class=\"wp-block-kadence-column inner-column-2 kadence-column_d17a4b-95\"><div class=\"kt-inside-inner-col\">\n<figure class=\"wp-block-embed is-type-video is-provider-youtube wp-block-embed-youtube wp-embed-aspect-16-9 wp-has-aspect-ratio\"><div class=\"wp-block-embed__wrapper\">\n<iframe loading=\"lazy\" title=\"Projet professionnel 23-05-2022\" width=\"720\" height=\"405\" src=\"https:\/\/www.youtube.com\/embed\/P2k5iZhswS8?feature=oembed\" frameborder=\"0\" allow=\"accelerometer; autoplay; clipboard-write; encrypted-media; gyroscope; picture-in-picture; web-share\" allowfullscreen><\/iframe>\n<\/div><\/figure>\n<\/div><\/div>\n<\/div><\/div><\/div>\n\n\n\n<p>Adolescente, j\u2019\u00e9tais attir\u00e9e par le d\u00e9veloppement personnel de l\u2019enfant, je lisais Fran\u00e7oise Dolto, Jacques Salom\u00e9, Maria Montessori\u2026<\/p>\n\n\n\n<p>J\u2019ai d\u00e9marr\u00e9 mes \u00e9tudes par un <strong>BTS commerce international<\/strong> sur Paris. Puis j\u2019ai continu\u00e9 avec une \u00e9cole sup\u00e9rieure gestion&nbsp;(l\u2019 ESG) avec un <strong>m\u00e9moire<\/strong> de fin d\u2019ann\u00e9e sur un sujet que j\u2019ai choisi <strong>\u00ab&nbsp;<em>l\u2019adaptation du stress au travail<\/em><\/strong>&nbsp;\u00bb o\u00f9 j\u2019ai obtenu 17\/20. Mon tuteur de m\u00e9moire (Patrick Carrale) m\u2019avait conseill\u00e9e de reprendre un DESS en ressources humaines.&nbsp;<\/p>\n\n\n\n<p>A, 24 ans, j\u2019ai continu\u00e9 avec un masterengestion de patrimoine \u00e0 l\u2019<strong>ESCP<\/strong> (\u00e9cole sup\u00e9rieure de commerce de Paris<\/p>\n\n\n\n<p>J\u2019ai d\u00e9marr\u00e9 ma carri\u00e8re professionnelle au Cr\u00e9dit Agricole, apr\u00e8s 3 mois, j\u2019\u00e9tais la <strong>meilleure vendeuse de produits bancaires d\u2019un r\u00e9seau de 14 agences<\/strong>. Ensuite j\u2019ai travaill\u00e9 pour un Family office sur Gen\u00e8ve. Cependant \u00e0 cette \u00e9poque, travailler derri\u00e8re un ordinateur n\u2019\u00e9tait pas fait pour moi. Je me posais beaucoup de questions sur mon avenir professionnel.<\/p>\n\n\n\n<p>A 27 ans, j\u2019ai rencontr\u00e9 un <strong>dilemme&nbsp;<\/strong>:<\/p>\n\n\n\n<p>Devenir psychologue ou bien travailler au service de l\u2019entreprise familiale (qui avait une dimension mondiale) que mon p\u00e8re avait cr\u00e9\u00e9e en 1974.<\/p>\n\n\n\n<p><strong>J\u2019ai choisi l\u2019entreprise familiale<\/strong>. Me voil\u00e0 engag\u00e9e au d\u00e9part comme responsable marketing, puis j\u2019ai int\u00e9gr\u00e9 le service qualit\u00e9 de la cr\u00e9ation des collections pour finir directrice commerciale. J\u2019ai <strong>d\u00e9velopp\u00e9 plusieurs marques de v\u00eatement en Europe et sur la Russie<\/strong>. J\u2019ai beaucoup appris sur le <strong>recrutement<\/strong>, la <strong>gestion du stress<\/strong> de travailler en famille, le r\u00e9el m\u00e9tier de vendeur, le management, la coh\u00e9sion d\u2019\u00e9quipe \u00e0 maintenir lors d\u2019une fusion\/acquisition. Mais surtout l\u2019importance d\u2019avoir du leadership et de l\u2019assertivit\u00e9 pour prendre sa place.&nbsp;<\/p>\n\n\n\n<p>Devenue maman \u00e0 37 ans, mes priorit\u00e9s ont chang\u00e9. En Mars 2020 suite \u00e0 la chute du Chiffre d\u2019affaires depuis 2 ans et de la premi\u00e8re vague du Covid, nous d\u00e9cidons avec mon fr\u00e8re d\u2019arr\u00eater l\u2019entreprise familiale.<\/p>\n\n\n\n<p>Apr\u00e8s ces 15 ann\u00e9es rythm\u00e9es par l\u2019acquisition et le d\u00e9veloppement de la marque <strong>New Man<\/strong> (entre autre), d\u2019une collaboration intense avec&nbsp; un partenaire allemand pour la cr\u00e9ation et production des collections, j\u2019ai d\u00e9velopp\u00e9 une r\u00e9elle expertise commerciale.<\/p>\n\n\n\n<p>N\u2019ayant pas d\u2019id\u00e9es pr\u00e9cises sur mon avenir, je m\u2019engage dans un bilan de comp\u00e9tences.<\/p>\n\n\n\n<p>Les outils utilis\u00e9s \u00e9taient tellement forts que je me suis autoris\u00e9e \u00e0 <strong>faire de ma vie un r\u00eave et de ce r\u00eave mon m\u00e9tier aujourd\u2019hui.<\/strong><\/p>\n\n\n\n<p>En 2021, je suis devenue <strong>Coach professionnel<\/strong><a href=\"#_ftn1\" id=\"_ftnref1\"><sup>[1]<\/sup><\/a>&nbsp; avec une double sp\u00e9cialisation<a href=\"#_ftn2\" id=\"_ftnref2\"><sup>[2]<\/sup><\/a> \u00ab&nbsp;le coaching de dirigeant et ses organisations&nbsp;\u00bb et \u00ab&nbsp;la gestion des conflits \u00e0 travers la communication non violente&nbsp;\u00bb.&nbsp; Le th\u00e8me de mon m\u00e9moire a \u00e9t\u00e9&nbsp;: \u00ab&nbsp;<strong><em>L\u2019accompagnement de la succession dans les entreprises familiales<\/em><\/strong><em>.&nbsp;\u00bb&nbsp;<\/em><\/p>\n\n\n\n<p>J\u2019ai poursuivi par une formation, pour devenir <strong>consultante en bilan de comp\u00e9tences<\/strong> reconnue par la FFP<a href=\"#_ftn3\" id=\"_ftnref3\"><sup>[3]<\/sup><\/a> et j\u2018ai \u00e9galement \u00e9crit un m\u00e9moire<a href=\"#_ftn4\" id=\"_ftnref4\">[4]<\/a>. C\u2019est un outil puissant de connaissance de soi et de prise de d\u00e9cisions permettant de mettre en relation le projet professionnel et les aspirations personnelles des b\u00e9n\u00e9ficiaires.<\/p>\n\n\n<style id=\"kb-advancedbtn_3d7219-d3\">.kt-btns_3d7219-d3 .kt-btn-wrap-0{margin-right:5px;}.rtl .kt-btns_3d7219-d3 .kt-btn-wrap-0{margin-left:5px;margin-right:0px;}.wp-block-kadence-advancedbtn.kt-btns_3d7219-d3 .kt-btn-wrap-0 .kt-button{color:#555555;border-color:#555555;}.wp-block-kadence-advancedbtn.kt-btns_3d7219-d3 .kt-btn-wrap-0 .kt-button:hover, .wp-block-kadence-advancedbtn.kt-btns_3d7219-d3 .kt-btn-wrap-0 .kt-button:focus{color:#ffffff;border-color:#444444;}.wp-block-kadence-advancedbtn.kt-btns_3d7219-d3 .kt-btn-wrap-0 .kt-button::before{display:none;}.wp-block-kadence-advancedbtn.kt-btns_3d7219-d3 .kt-btn-wrap-0 .kt-button:hover, .wp-block-kadence-advancedbtn.kt-btns_3d7219-d3 .kt-btn-wrap-0 .kt-button:focus{background:#444444;}<\/style>\n<div class=\"wp-block-kadence-advancedbtn kt-btn-align-right kt-btn-tablet-align-inherit kt-btn-mobile-align-inherit kt-btns-wrap kt-btns_3d7219-d3\"><div class=\"kt-btn-wrap kt-btn-wrap-0\"><a class=\"kt-button button kt-btn-0-action kt-btn-size-standard kt-btn-style-basic kt-btn-svg-show-always kt-btn-has-text-true kt-btn-has-svg-false\" href=\"https:\/\/formation-et-coach-business.com\/index.php\/bilan-de-competence\/\"><span class=\"kt-btn-inner-text\">Formation bilan de comp\u00e9tences<\/span><\/a><\/div><\/div>\n\n\n\n<p><\/p>\n\n\n\n<p><\/p>\n\n\n\n<p>&nbsp;Puis je me suis certifi\u00e9e sur le <strong>DISC<\/strong><a href=\"#_ftn5\" id=\"_ftnref5\"><sup>[5]<\/sup><\/a> et Forces Motrices chez Assessment 24&#215;7. Cet outil permet de mieux se conna\u00eetre soi-m\u00eame, ses forces, ses limites et ses axes de d\u00e9veloppement. Mieux comprendre comment et pourquoi les autres sont diff\u00e9rents de soi. Mieux communiquer avec les autres pour gagner en flexibilit\u00e9 et en efficacit\u00e9&nbsp;.<\/p>\n\n\n\n<p>Pour \u00eatre l\u00e9gitime j\u2019ai obtenu derni\u00e8rement ma certification de formateur professionnel d\u2019adultes avec les <strong>f\u00e9licitations <\/strong>du jury.<\/p>\n\n\n\n<hr class=\"wp-block-separator has-alpha-channel-opacity\"\/>\n\n\n\n<p><a href=\"#_ftnref1\" id=\"_ftn1\"><sup>[1]<\/sup><\/a> Certifi\u00e9 RNCP6<\/p>\n\n\n\n<p><a href=\"#_ftnref2\" id=\"_ftn2\">[2]<\/a> Certifi\u00e9e FFP F\u00e9d\u00e9ration de la formation professionnelle<\/p>\n\n\n\n<p><a href=\"#_ftnref3\" id=\"_ftn3\"><sup>[3]<\/sup><\/a> F\u00e9d\u00e9ration de la formation professionnelle<\/p>\n\n\n\n<p><a href=\"#_ftnref4\" id=\"_ftn4\">[4]<\/a> \u00ab Dans le cadre du bilan de comp\u00e9tences, histoires personnelle et professionnelle sont intimement li\u00e9es, l\u2019acc\u00e8s \u00e0 cette histoire permet de faire des liens pour comprendre le sens de nos actions. Comment le consultant peut-il s\u2019inscrire dans cet accompagnement vers la concr\u00e9tisation d\u2019un projet ? \u00bb<\/p>\n\n\n\n<p><a href=\"#_ftnref5\" id=\"_ftn5\"><sup>[5]<\/sup><\/a> DISC = Dominance Influence Stabilit\u00e9 Conformit\u00e9<\/p>\n","protected":false},"excerpt":{"rendered":"<p>QUI SOMMES-NOUS ? \u00ab Maintenir une entreprise familiale en vie, c&rsquo;est vraisemblablement la mission de management la plus complexe au monde. \u00bb (John Ward) 70% des entreprises familiales ne survivent pas au-del\u00e0 de la 1\u00e8re&nbsp;g\u00e9n\u00e9ration, 87% au-del\u00e0 de la 2\u00e8me&nbsp;g\u00e9n\u00e9ration et 97% au-del\u00e0 de la 3\u00e8me&nbsp;g\u00e9n\u00e9ration. 70% des r\u00e9organisations \u00e9chouent \u00e0 cause de la r\u00e9sistance&#8230;<\/p>\n","protected":false},"author":1,"featured_media":0,"parent":0,"menu_order":0,"comment_status":"closed","ping_status":"closed","template":"","meta":{"_kad_post_transparent":"","_kad_post_title":"hide","_kad_post_layout":"narrow","_kad_post_sidebar_id":"","_kad_post_content_style":"","_kad_post_vertical_padding":"","_kad_post_feature":"","_kad_post_feature_position":"","_kad_post_header":false,"_kad_post_footer":false},"_links":{"self":[{"href":"https:\/\/formation-et-coach-business.com\/index.php\/wp-json\/wp\/v2\/pages\/9"}],"collection":[{"href":"https:\/\/formation-et-coach-business.com\/index.php\/wp-json\/wp\/v2\/pages"}],"about":[{"href":"https:\/\/formation-et-coach-business.com\/index.php\/wp-json\/wp\/v2\/types\/page"}],"author":[{"embeddable":true,"href":"https:\/\/formation-et-coach-business.com\/index.php\/wp-json\/wp\/v2\/users\/1"}],"replies":[{"embeddable":true,"href":"https:\/\/formation-et-coach-business.com\/index.php\/wp-json\/wp\/v2\/comments?post=9"}],"version-history":[{"count":15,"href":"https:\/\/formation-et-coach-business.com\/index.php\/wp-json\/wp\/v2\/pages\/9\/revisions"}],"predecessor-version":[{"id":126,"href":"https:\/\/formation-et-coach-business.com\/index.php\/wp-json\/wp\/v2\/pages\/9\/revisions\/126"}],"wp:attachment":[{"href":"https:\/\/formation-et-coach-business.com\/index.php\/wp-json\/wp\/v2\/media?parent=9"}],"curies":[{"name":"wp","href":"https:\/\/api.w.org\/{rel}","templated":true}]}}